{"id":34,"date":"2025-06-13T12:03:17","date_gmt":"2025-06-13T12:03:17","guid":{"rendered":"https:\/\/website.thies-immobilien.eu\/?page_id=34"},"modified":"2025-06-13T13:36:02","modified_gmt":"2025-06-13T13:36:02","slug":"impressum","status":"publish","type":"page","link":"https:\/\/thies-immobilien.eu\/?page_id=34","title":{"rendered":"Impressum"},"content":{"rendered":"\t\t<div data-elementor-type=\"wp-page\" data-elementor-id=\"34\" class=\"elementor elementor-34\">\n\t\t\t\t<div class=\"elementor-element elementor-element-31f0c17 e-flex e-con-boxed e-con e-parent\" data-id=\"31f0c17\" data-element_type=\"container\">\n\t\t\t\t\t<div class=\"e-con-inner\">\n\t\t\t\t<div class=\"elementor-element elementor-element-38451477 elementor-widget-divider--view-line_icon elementor-view-default elementor-widget-divider--element-align-center elementor-widget elementor-widget-divider\" data-id=\"38451477\" data-element_type=\"widget\" data-widget_type=\"divider.default\">\n\t\t\t\t<div class=\"elementor-widget-container\">\n\t\t\t\t\t\t\t<div class=\"elementor-divider\">\n\t\t\t<span class=\"elementor-divider-separator\">\n\t\t\t\t\t\t\t<div class=\"elementor-icon elementor-divider__element\">\n\t\t\t\t\t<svg aria-hidden=\"true\" class=\"e-font-icon-svg e-fas-home\" viewBox=\"0 0 576 512\" xmlns=\"http:\/\/www.w3.org\/2000\/svg\"><path d=\"M280.37 148.26L96 300.11V464a16 16 0 0 0 16 16l112.06-.29a16 16 0 0 0 15.92-16V368a16 16 0 0 1 16-16h64a16 16 0 0 1 16 16v95.64a16 16 0 0 0 16 16.05L464 480a16 16 0 0 0 16-16V300L295.67 148.26a12.19 12.19 0 0 0-15.3 0zM571.6 251.47L488 182.56V44.05a12 12 0 0 0-12-12h-56a12 12 0 0 0-12 12v72.61L318.47 43a48 48 0 0 0-61 0L4.34 251.47a12 12 0 0 0-1.6 16.9l25.5 31A12 12 0 0 0 45.15 301l235.22-193.74a12.19 12.19 0 0 1 15.3 0L530.9 301a12 12 0 0 0 16.9-1.6l25.5-31a12 12 0 0 0-1.7-16.93z\"><\/path><\/svg><\/div>\n\t\t\t\t\t\t<\/span>\n\t\t<\/div>\n\t\t\t\t\t\t<\/div>\n\t\t\t\t<\/div>\n\t\t\t\t<div class=\"elementor-element elementor-element-2dcebff0 elementor-widget elementor-widget-text-editor\" data-id=\"2dcebff0\" data-element_type=\"widget\" data-widget_type=\"text-editor.default\">\n\t\t\t\t<div class=\"elementor-widget-container\">\n\t\t\t\t\t\t\t\t\t<div class=\"cell__row cell-size-50\"><p class=\"cell__col mr-75 ml-100:400 has-no-gutter\"><span style=\"text-decoration: underline;\"><strong><span style=\"color: #eb0003; text-decoration: underline;\">Anschrift<\/span><\/strong><br \/><\/span>Lothringer Strasse 59<br \/>66798 Wallerfangen<\/p><\/div><div class=\"cell__row cell-size-50\"><div class=\"cell__col mr-75 ml-100:400 has-no-gutter\"><span style=\"text-decoration: underline; color: #eb0003;\"><strong>Telefon<\/strong><\/span><\/div><div class=\"cell__col has-no-gutter\"><span style=\"color: #000000;\"><a class=\"link link--primary link--no-arrow\" style=\"color: #000000;\" href=\"tel:06831-68414\">06831-68414\u00a0<\/a><\/span><\/div><div>\u00a0<\/div><\/div><div class=\"cell__row cell-size-50\"><div class=\"cell__col mr-75 ml-100:400 has-no-gutter\"><span style=\"text-decoration: underline; color: #eb0003;\"><strong>Fax<\/strong><\/span><\/div><div class=\"cell__col has-no-gutter\"><span style=\"color: #000000;\"><a style=\"color: #000000;\" href=\"http:\/\/06831-68414\/\">06831-69217<\/a><\/span><\/div><div>\u00a0<\/div><\/div><div class=\"cell__row cell-size-50\"><div class=\"cell__col mr-75 ml-100:400 has-no-gutter\"><span style=\"text-decoration: underline; color: #eb0003;\"><strong>Mail<\/strong><\/span><\/div><div class=\"cell__col has-no-gutter\"><span style=\"color: #000000;\"><a class=\"link link--primary link--no-arrow\" style=\"color: #000000;\" href=\"mailto:Info@Thies-Immobilien.eu\">Info@Thies-Immobilien.eu\u00a0<\/a><\/span><\/div><\/div>\t\t\t\t\t\t\t\t<\/div>\n\t\t\t\t<\/div>\n\t\t\t\t<div class=\"elementor-element elementor-element-6b068978 elementor-widget-divider--view-line_icon elementor-view-default elementor-widget-divider--element-align-center elementor-widget elementor-widget-divider\" data-id=\"6b068978\" data-element_type=\"widget\" data-widget_type=\"divider.default\">\n\t\t\t\t<div class=\"elementor-widget-container\">\n\t\t\t\t\t\t\t<div class=\"elementor-divider\">\n\t\t\t<span class=\"elementor-divider-separator\">\n\t\t\t\t\t\t\t<div class=\"elementor-icon elementor-divider__element\">\n\t\t\t\t\t<svg aria-hidden=\"true\" class=\"e-font-icon-svg e-fas-book\" viewBox=\"0 0 448 512\" xmlns=\"http:\/\/www.w3.org\/2000\/svg\"><path d=\"M448 360V24c0-13.3-10.7-24-24-24H96C43 0 0 43 0 96v320c0 53 43 96 96 96h328c13.3 0 24-10.7 24-24v-16c0-7.5-3.5-14.3-8.9-18.7-4.2-15.4-4.2-59.3 0-74.7 5.4-4.3 8.9-11.1 8.9-18.6zM128 134c0-3.3 2.7-6 6-6h212c3.3 0 6 2.7 6 6v20c0 3.3-2.7 6-6 6H134c-3.3 0-6-2.7-6-6v-20zm0 64c0-3.3 2.7-6 6-6h212c3.3 0 6 2.7 6 6v20c0 3.3-2.7 6-6 6H134c-3.3 0-6-2.7-6-6v-20zm253.4 250H96c-17.7 0-32-14.3-32-32 0-17.6 14.4-32 32-32h285.4c-1.9 17.1-1.9 46.9 0 64z\"><\/path><\/svg><\/div>\n\t\t\t\t\t\t<\/span>\n\t\t<\/div>\n\t\t\t\t\t\t<\/div>\n\t\t\t\t<\/div>\n\t\t\t\t<div class=\"elementor-element elementor-element-7528ba58 elementor-widget elementor-widget-heading\" data-id=\"7528ba58\" data-element_type=\"widget\" data-widget_type=\"heading.default\">\n\t\t\t\t<div class=\"elementor-widget-container\">\n\t\t\t\t\t<h4 class=\"elementor-heading-title elementor-size-default\">Rechtliche Angaben<\/h4>\t\t\t\t<\/div>\n\t\t\t\t<\/div>\n\t\t\t\t<div class=\"elementor-element elementor-element-68d91bf7 elementor-widget elementor-widget-text-editor\" data-id=\"68d91bf7\" data-element_type=\"widget\" data-widget_type=\"text-editor.default\">\n\t\t\t\t<div class=\"elementor-widget-container\">\n\t\t\t\t\t\t\t\t\t<div class=\"mb-75\"><p>Gesetzlicher Vertreter: Ursula Thies<\/p><\/div><div class=\"mb-75\"><p>USt-IdNr.: DE293664939<\/p><\/div><div class=\"mb-75\"><p>Gewerbeerlaubnis gem. \u00a734c GewO wurde erteilt durch: Landratsamt Saarlouis<\/p><\/div><div class=\"mb-75\"><p>Zust\u00e4ndige Aufsichtsbeh\u00f6rde: Landratsamt Saarlouis, Kaiser-Wilhelm-Str. 4-6, 66740 Saarlouis, Telefon: 06831-444-0, Telefax: 06831-444-427.<\/p><\/div>\t\t\t\t\t\t\t\t<\/div>\n\t\t\t\t<\/div>\n\t\t\t\t<div class=\"elementor-element elementor-element-31e58b18 elementor-widget-divider--view-line_icon elementor-view-default elementor-widget-divider--element-align-center elementor-widget elementor-widget-divider\" data-id=\"31e58b18\" data-element_type=\"widget\" data-widget_type=\"divider.default\">\n\t\t\t\t<div class=\"elementor-widget-container\">\n\t\t\t\t\t\t\t<div class=\"elementor-divider\">\n\t\t\t<span class=\"elementor-divider-separator\">\n\t\t\t\t\t\t\t<div class=\"elementor-icon elementor-divider__element\">\n\t\t\t\t\t<svg aria-hidden=\"true\" class=\"e-font-icon-svg e-fas-info\" viewBox=\"0 0 192 512\" xmlns=\"http:\/\/www.w3.org\/2000\/svg\"><path d=\"M20 424.229h20V279.771H20c-11.046 0-20-8.954-20-20V212c0-11.046 8.954-20 20-20h112c11.046 0 20 8.954 20 20v212.229h20c11.046 0 20 8.954 20 20V492c0 11.046-8.954 20-20 20H20c-11.046 0-20-8.954-20-20v-47.771c0-11.046 8.954-20 20-20zM96 0C56.235 0 24 32.235 24 72s32.235 72 72 72 72-32.235 72-72S135.764 0 96 0z\"><\/path><\/svg><\/div>\n\t\t\t\t\t\t<\/span>\n\t\t<\/div>\n\t\t\t\t\t\t<\/div>\n\t\t\t\t<\/div>\n\t\t\t\t<div class=\"elementor-element elementor-element-11dbd424 elementor-widget elementor-widget-heading\" data-id=\"11dbd424\" data-element_type=\"widget\" data-widget_type=\"heading.default\">\n\t\t\t\t<div class=\"elementor-widget-container\">\n\t\t\t\t\t<h4 class=\"elementor-heading-title elementor-size-default\">Verbraucherinformationen<\/h4>\t\t\t\t<\/div>\n\t\t\t\t<\/div>\n\t\t\t\t<div class=\"elementor-element elementor-element-8a54167 elementor-widget elementor-widget-text-editor\" data-id=\"8a54167\" data-element_type=\"widget\" data-widget_type=\"text-editor.default\">\n\t\t\t\t<div class=\"elementor-widget-container\">\n\t\t\t\t\t\t\t\t\t<div class=\"mb-75\"><div class=\"mb-75\"><p>Online-Streitbeilegung gem\u00e4\u00df Art. 14 Abs. 1 ODR-VO: Die Europ\u00e4ische Kommission stellt unter\u00a0<a class=\"link link--primary link--inline\" href=\"https:\/\/ec.europa.eu\/consumers\/odr\/main\/index.cfm\" rel=\"noopener noreferrer nofollow\"><strong><span style=\"color: #eb0003;\">https:\/\/ec.europa.eu\/consumers\/odr\/main\/index.cfm\u00a0<\/span><\/strong><\/a>\u00a0eine Plattform zur Online-Streitbeilegung (OS) bereit.<\/p><\/div><div class=\"mb-75\"><p>Der Anbieter nimmt nicht an Streitbeilegungsverfahren vor einer Verbraucherschlichtungsstelle teil.<\/p><\/div><\/div>\t\t\t\t\t\t\t\t<\/div>\n\t\t\t\t<\/div>\n\t\t\t\t<div class=\"elementor-element elementor-element-d71e98b elementor-widget-divider--view-line_icon elementor-view-default elementor-widget-divider--element-align-center elementor-widget elementor-widget-divider\" data-id=\"d71e98b\" data-element_type=\"widget\" data-widget_type=\"divider.default\">\n\t\t\t\t<div class=\"elementor-widget-container\">\n\t\t\t\t\t\t\t<div class=\"elementor-divider\">\n\t\t\t<span class=\"elementor-divider-separator\">\n\t\t\t\t\t\t\t<div class=\"elementor-icon elementor-divider__element\">\n\t\t\t\t\t<svg aria-hidden=\"true\" class=\"e-font-icon-svg e-fas-folder-open\" viewBox=\"0 0 576 512\" xmlns=\"http:\/\/www.w3.org\/2000\/svg\"><path d=\"M572.694 292.093L500.27 416.248A63.997 63.997 0 0 1 444.989 448H45.025c-18.523 0-30.064-20.093-20.731-36.093l72.424-124.155A64 64 0 0 1 152 256h399.964c18.523 0 30.064 20.093 20.73 36.093zM152 224h328v-48c0-26.51-21.49-48-48-48H272l-64-64H48C21.49 64 0 85.49 0 112v278.046l69.077-118.418C86.214 242.25 117.989 224 152 224z\"><\/path><\/svg><\/div>\n\t\t\t\t\t\t<\/span>\n\t\t<\/div>\n\t\t\t\t\t\t<\/div>\n\t\t\t\t<\/div>\n\t\t\t\t<div class=\"elementor-element elementor-element-77cd201 elementor-widget elementor-widget-heading\" data-id=\"77cd201\" data-element_type=\"widget\" data-widget_type=\"heading.default\">\n\t\t\t\t<div class=\"elementor-widget-container\">\n\t\t\t\t\t<h4 class=\"elementor-heading-title elementor-size-default\">Bildquellen<\/h4>\t\t\t\t<\/div>\n\t\t\t\t<\/div>\n\t\t\t\t<div class=\"elementor-element elementor-element-ac4f60c elementor-widget elementor-widget-text-editor\" data-id=\"ac4f60c\" data-element_type=\"widget\" data-widget_type=\"text-editor.default\">\n\t\t\t\t<div class=\"elementor-widget-container\">\n\t\t\t\t\t\t\t\t\t<div class=\"mb-75\"><div class=\"mb-75\"><div class=\"headline\"><span style=\"color: #000000;\">Stockphoto Startseite -&gt; Unsplash \u2014\u00a0Photo by\u00a0<a style=\"color: #000000;\" href=\"https:\/\/unsplash.com\/@rarchitecture_melbourne?utm_source=unsplash&amp;utm_medium=referral&amp;utm_content=creditCopyText\">R ARCHITECTURE<\/a>\u00a0on\u00a0<a style=\"color: #000000;\" href=\"https:\/\/unsplash.com\/license?utm_source=unsplash&amp;utm_medium=referral&amp;utm_content=creditCopyText\">Unsplash<\/a><\/span><br \/><span style=\"color: #000000;\">Stockphoto Angebote -&gt; Pexels<\/span><\/div><div>\u00a0<\/div><p><span style=\"color: #000000;\">Pexels :\u00a0https:\/\/www.pexels.com\/de-de\/freie-und-kostenlose-bilder-finden\/<\/span><br \/><span style=\"color: #000000;\">Unsplash: https:\/\/unsplash.com\/license<\/span><\/p><\/div><\/div>\t\t\t\t\t\t\t\t<\/div>\n\t\t\t\t<\/div>\n\t\t\t\t\t<\/div>\n\t\t\t\t<\/div>\n\t\t\t\t<\/div>\n\t\t","protected":false},"excerpt":{"rendered":"<p>AnschriftLothringer Strasse 5966798 Wallerfangen Telefon06831-68414\u00a0\u00a0Fax06831-69217\u00a0MailInfo@Thies-Immobilien.eu\u00a0 Rechtliche Angaben Gesetzlicher Vertreter: Ursula Thies USt-IdNr.: DE293664939 Gewerbeerlaubnis gem. \u00a734c GewO wurde erteilt durch: Landratsamt Saarlouis Zust\u00e4ndige Aufsichtsbeh\u00f6rde: Landratsamt Saarlouis, Kaiser-Wilhelm-Str. 4-6, 66740 Saarlouis, Telefon: 06831-444-0, Telefax: 06831-444-427. Verbraucherinformationen Online-Streitbeilegung gem\u00e4\u00df Art. 14 Abs. 1 ODR-VO: Die Europ\u00e4ische Kommission stellt unter\u00a0https:\/\/ec.europa.eu\/consumers\/odr\/main\/index.cfm\u00a0\u00a0eine Plattform zur Online-Streitbeilegung (OS) bereit. Der Anbieter nimmt [&hellip;]<\/p>\n","protected":false},"author":1,"featured_media":0,"parent":0,"menu_order":0,"comment_status":"closed","ping_status":"closed","template":"","meta":{"footnotes":""},"class_list":["post-34","page","type-page","status-publish","hentry","wpbf-post"],"_links":{"self":[{"href":"https:\/\/thies-immobilien.eu\/index.php?rest_route=\/wp\/v2\/pages\/34","targetHints":{"allow":["GET"]}}],"collection":[{"href":"https:\/\/thies-immobilien.eu\/index.php?rest_route=\/wp\/v2\/pages"}],"about":[{"href":"https:\/\/thies-immobilien.eu\/index.php?rest_route=\/wp\/v2\/types\/page"}],"author":[{"embeddable":true,"href":"https:\/\/thies-immobilien.eu\/index.php?rest_route=\/wp\/v2\/users\/1"}],"replies":[{"embeddable":true,"href":"https:\/\/thies-immobilien.eu\/index.php?rest_route=%2Fwp%2Fv2%2Fcomments&post=34"}],"version-history":[{"count":4,"href":"https:\/\/thies-immobilien.eu\/index.php?rest_route=\/wp\/v2\/pages\/34\/revisions"}],"predecessor-version":[{"id":82,"href":"https:\/\/thies-immobilien.eu\/index.php?rest_route=\/wp\/v2\/pages\/34\/revisions\/82"}],"wp:attachment":[{"href":"https:\/\/thies-immobilien.eu\/index.php?rest_route=%2Fwp%2Fv2%2Fmedia&parent=34"}],"curies":[{"name":"wp","href":"https:\/\/api.w.org\/{rel}","templated":true}]}}